{"id":4928,"date":"2019-11-30T15:58:23","date_gmt":"2019-11-30T18:58:23","guid":{"rendered":"http:\/\/simone.art.br\/premios\/"},"modified":"2024-07-17T12:12:51","modified_gmt":"2024-07-17T15:12:51","slug":"premios","status":"publish","type":"page","link":"https:\/\/simone.art.br\/es\/bio\/premios\/","title":{"rendered":"Premios"},"content":{"rendered":"\t\t<div data-elementor-type=\"wp-post\" data-elementor-id=\"4928\" class=\"elementor elementor-4928 elementor-3012\" data-elementor-post-type=\"page\">\n\t\t\t\t\t\t<section class=\"elementor-section elementor-top-section elementor-element elementor-element-30b39a6 elementor-section-stretched elementor-section-height-full elementor-section-content-middle elementor-section-full_width elementor-section-height-default elementor-section-items-middle\" data-id=\"30b39a6\" data-element_type=\"section\" data-settings=\"{&quot;stretch_section&quot;:&quot;section-stretched&quot;,&quot;background_background&quot;:&quot;classic&quot;}\">\n\t\t\t\t\t\t\t<div class=\"elementor-background-overlay\"><\/div>\n\t\t\t\t\t\t\t<div class=\"elementor-container elementor-column-gap-default\">\n\t\t\t\t\t<div class=\"elementor-column elementor-col-50 elementor-top-column elementor-element elementor-element-c7cd25d\" data-id=\"c7cd25d\" data-element_type=\"column\">\n\t\t\t<div class=\"elementor-widget-wrap\">\n\t\t\t\t\t\t\t<\/div>\n\t\t<\/div>\n\t\t\t\t<div class=\"elementor-column elementor-col-50 elementor-top-column elementor-element elementor-element-fc552fd\" data-id=\"fc552fd\" data-element_type=\"column\">\n\t\t\t<div class=\"elementor-widget-wrap elementor-element-populated\">\n\t\t\t\t\t\t<div class=\"elementor-element elementor-element-0cb6fb7 animated-fast elementor-invisible elementor-widget elementor-widget-heading\" data-id=\"0cb6fb7\" data-element_type=\"widget\" data-settings=\"{&quot;_animation&quot;:&quot;fadeInUp&quot;}\" data-widget_type=\"heading.default\">\n\t\t\t\t<div class=\"elementor-widget-container\">\n\t\t\t\t\t<h1 class=\"elementor-heading-title elementor-size-default\">PREMIOS<\/h1>\t\t\t\t<\/div>\n\t\t\t\t<\/div>\n\t\t\t\t<div class=\"elementor-element elementor-element-5e8de60 animated-fast elementor-invisible elementor-widget elementor-widget-heading\" data-id=\"5e8de60\" data-element_type=\"widget\" data-settings=\"{&quot;_animation&quot;:&quot;fadeInUp&quot;,&quot;_animation_delay&quot;:200}\" data-widget_type=\"heading.default\">\n\t\t\t\t<div class=\"elementor-widget-container\">\n\t\t\t\t\t<div class=\"elementor-heading-title elementor-size-default\">Mayor vendedora de discos de los a\u00f1os 80<\/div>\t\t\t\t<\/div>\n\t\t\t\t<\/div>\n\t\t\t\t\t<\/div>\n\t\t<\/div>\n\t\t\t\t\t<\/div>\n\t\t<\/section>\n\t\t\t\t<section class=\"elementor-section elementor-top-section elementor-element elementor-element-ab4733d elementor-section-boxed elementor-section-height-default elementor-section-height-default\" data-id=\"ab4733d\" data-element_type=\"section\">\n\t\t\t\t\t\t<div class=\"elementor-container elementor-column-gap-default\">\n\t\t\t\t\t<div class=\"elementor-column elementor-col-100 elementor-top-column elementor-element elementor-element-ed0c989\" data-id=\"ed0c989\" data-element_type=\"column\">\n\t\t\t<div class=\"elementor-widget-wrap elementor-element-populated\">\n\t\t\t\t\t\t<div class=\"elementor-element elementor-element-b5010fe animated-fast elementor-invisible elementor-widget elementor-widget-heading\" data-id=\"b5010fe\" data-element_type=\"widget\" data-settings=\"{&quot;_animation&quot;:&quot;fadeInUp&quot;}\" data-widget_type=\"heading.default\">\n\t\t\t\t<div class=\"elementor-widget-container\">\n\t\t\t\t\t<span class=\"elementor-heading-title elementor-size-default\">A continuaci\u00f3n se muestra una lista de los principales premios que Simone\ngan\u00f3 a lo largo de su trayectoria.\n\n<\/span>\t\t\t\t<\/div>\n\t\t\t\t<\/div>\n\t\t\t\t\t<\/div>\n\t\t<\/div>\n\t\t\t\t\t<\/div>\n\t\t<\/section>\n\t\t\t\t<section class=\"elementor-section elementor-top-section elementor-element elementor-element-f0eb38d elementor-section-boxed elementor-section-height-default elementor-section-height-default\" data-id=\"f0eb38d\" data-element_type=\"section\">\n\t\t\t\t\t\t<div class=\"elementor-container elementor-column-gap-default\">\n\t\t\t\t\t<div class=\"elementor-column elementor-col-100 elementor-top-column elementor-element elementor-element-8532c7f\" data-id=\"8532c7f\" data-element_type=\"column\">\n\t\t\t<div class=\"elementor-widget-wrap elementor-element-populated\">\n\t\t\t\t\t\t<div class=\"elementor-element elementor-element-88547b3 animated-fast elementor-invisible elementor-widget elementor-widget-text-editor\" data-id=\"88547b3\" data-element_type=\"widget\" data-settings=\"{&quot;_animation&quot;:&quot;fadeInUp&quot;,&quot;_animation_delay&quot;:300}\" data-widget_type=\"text-editor.default\">\n\t\t\t\t<div class=\"elementor-widget-container\">\n\t\t\t\t\t\t\t\t\t<ul><li><i>Peda\u00e7os, 1979, Disco de Oro<\/i><\/li><li><i>Simone ao Vivo no Canec\u00e3o, 1979, Disco de Oro<\/i><\/li><li><i>Simone, 1980, Disco de Oro (Odeon)<\/i><\/li><li><i>Amar, 1981 , Disco de Platino (CBS)<\/i><\/li><li><i>Corpo e Alma, 1982, Disco de Platino<\/i><\/li><li><i>Del\u00edrios, Del\u00edcias, 1983, Disco de Platino<\/i><\/li><li><i>Desejos, 1984, Disco de Platino<\/i><\/li><li><i>Cristal, 1985, Disco de Platino<\/i><\/li><li><i>Cristal, 1986, Disco de Plata (CBS Portugal)<\/i><\/li><li><i>Amor e Paix\u00e3o, 1986, Disco Doble de Platino\u00a0<\/i><\/li><li><i>Sedu\u00e7\u00e3o, 1988, Disco de Platino<\/i><\/li><li><i>Simone, 1989, Disco de Platino<\/i><\/li><li><i>O show \u2018Sou eu\u2019, dirigido por Ney Matogrosso, gana el VI Pr\u00eamio Sharp en la categoria \u2018mejor show\u2019, 1993<\/i><\/li><li><i>Simone Bittencourt de Oliveira, 1995, Disco de Platino (Sony)<\/i><\/li><li><i>25 de Dezembro, 1995, Disco de Diamante (Polygram)<\/i><\/li><li><i>Caf\u00e9 com Leite,1996, Disco Doble de Platino<\/i><\/li><li><i>Fica Comigo Esta Noite, 2000, Disco de Oro<\/i><\/li><li><i>Baiana da Gema, 2004, Disco de Platino<\/i><\/li><li><i>Simone ao Vivo, 2005, recibe tres nominaciones al Grammy Latino (EMI)<\/i><\/li><\/ul>\t\t\t\t\t\t\t\t<\/div>\n\t\t\t\t<\/div>\n\t\t\t\t<div class=\"elementor-element elementor-element-3807656 elementor-widget elementor-widget-menu-anchor\" data-id=\"3807656\" data-element_type=\"widget\" data-widget_type=\"menu-anchor.default\">\n\t\t\t\t<div class=\"elementor-widget-container\">\n\t\t\t\t\t\t\t<div class=\"elementor-menu-anchor\" id=\"anos80\"><\/div>\n\t\t\t\t\t\t<\/div>\n\t\t\t\t<\/div>\n\t\t\t\t\t<\/div>\n\t\t<\/div>\n\t\t\t\t\t<\/div>\n\t\t<\/section>\n\t\t\t\t<section class=\"elementor-section elementor-top-section elementor-element elementor-element-572673c headline title-center transparent elementor-section-boxed elementor-section-height-default elementor-section-height-default\" data-id=\"572673c\" data-element_type=\"section\">\n\t\t\t\t\t\t<div class=\"elementor-container elementor-column-gap-default\">\n\t\t\t\t\t<div class=\"elementor-column elementor-col-100 elementor-top-column elementor-element elementor-element-9ee6450\" data-id=\"9ee6450\" data-element_type=\"column\">\n\t\t\t<div class=\"elementor-widget-wrap elementor-element-populated\">\n\t\t\t\t\t\t<div class=\"elementor-element elementor-element-55a9c13 animated-fast elementor-invisible elementor-widget elementor-widget-heading\" data-id=\"55a9c13\" data-element_type=\"widget\" data-settings=\"{&quot;_animation&quot;:&quot;fadeInUp&quot;}\" data-widget_type=\"heading.default\">\n\t\t\t\t<div class=\"elementor-widget-container\">\n\t\t\t\t\t<span class=\"elementor-heading-title elementor-size-default\">SABE<\/span>\t\t\t\t<\/div>\n\t\t\t\t<\/div>\n\t\t\t\t<div class=\"elementor-element elementor-element-ca72800 animated-fast elementor-invisible elementor-widget elementor-widget-heading\" data-id=\"ca72800\" data-element_type=\"widget\" data-settings=\"{&quot;_animation&quot;:&quot;fadeInUp&quot;,&quot;_animation_delay&quot;:200}\" data-widget_type=\"heading.default\">\n\t\t\t\t<div class=\"elementor-widget-container\">\n\t\t\t\t\t<h1 class=\"elementor-heading-title elementor-size-default\">m\u00e1s<\/h1>\t\t\t\t<\/div>\n\t\t\t\t<\/div>\n\t\t\t\t\t<\/div>\n\t\t<\/div>\n\t\t\t\t\t<\/div>\n\t\t<\/section>\n\t\t\t\t<section class=\"elementor-section elementor-top-section elementor-element elementor-element-44a09713 elementor-section-content-middle elementor-section-boxed elementor-section-height-default elementor-section-height-default\" data-id=\"44a09713\" data-element_type=\"section\">\n\t\t\t\t\t\t<div class=\"elementor-container elementor-column-gap-no\">\n\t\t\t\t\t<div class=\"elementor-column elementor-col-100 elementor-top-column elementor-element elementor-element-3e961624\" data-id=\"3e961624\" data-element_type=\"column\">\n\t\t\t<div class=\"elementor-widget-wrap elementor-element-populated\">\n\t\t\t\t\t\t<section class=\"elementor-section elementor-inner-section elementor-element elementor-element-d0c3b41 elementor-section-content-middle elementor-section-boxed elementor-section-height-default elementor-section-height-default\" data-id=\"d0c3b41\" data-element_type=\"section\">\n\t\t\t\t\t\t<div class=\"elementor-container elementor-column-gap-wider\">\n\t\t\t\t\t<div class=\"elementor-column elementor-col-33 elementor-inner-column elementor-element elementor-element-528bd1f9\" data-id=\"528bd1f9\" data-element_type=\"column\">\n\t\t\t<div class=\"elementor-widget-wrap elementor-element-populated\">\n\t\t\t\t\t\t<div class=\"elementor-element elementor-element-665735b1 box-chamada elementor-position-top elementor-widget elementor-widget-image-box\" data-id=\"665735b1\" data-element_type=\"widget\" data-widget_type=\"image-box.default\">\n\t\t\t\t<div class=\"elementor-widget-container\">\n\t\t\t\t\t<div class=\"elementor-image-box-wrapper\"><figure class=\"elementor-image-box-img\"><a href=\"http:\/\/simone.art.br\/es\/bandas-sonoras\" tabindex=\"-1\"><img fetchpriority=\"high\" decoding=\"async\" width=\"800\" height=\"620\" src=\"https:\/\/simone.art.br\/wp-content\/uploads\/2020\/01\/simone-trilha-sonora.jpg\" class=\"attachment-full size-full wp-image-4721\" alt=\"\" srcset=\"https:\/\/simone.art.br\/wp-content\/uploads\/2020\/01\/simone-trilha-sonora.jpg 800w, https:\/\/simone.art.br\/wp-content\/uploads\/2020\/01\/simone-trilha-sonora-300x233.jpg 300w, https:\/\/simone.art.br\/wp-content\/uploads\/2020\/01\/simone-trilha-sonora-768x595.jpg 768w, https:\/\/simone.art.br\/wp-content\/uploads\/2020\/01\/simone-trilha-sonora-440x341.jpg 440w, https:\/\/simone.art.br\/wp-content\/uploads\/2020\/01\/simone-trilha-sonora-600x465.jpg 600w\" sizes=\"(max-width: 800px) 100vw, 800px\" \/><\/a><\/figure><div class=\"elementor-image-box-content\"><h2 class=\"elementor-image-box-title\"><a href=\"http:\/\/simone.art.br\/es\/bandas-sonoras\">BANDAS Sonoras<\/a><\/h2><p class=\"elementor-image-box-description\">Las emblem\u00e1ticas canciones de la Cigarra han arrullado pel\u00edculas, telenovelas y series durante los \u00faltimos 50 a\u00f1os.<br><br><a href=\"http:\/\/simone.art.br\/es\/bandas-sonoras\" class=\"button uppercase\" style=\"letter-spacing: normal;\">LEe M\u00e1S<\/a><\/p><\/div><\/div>\t\t\t\t<\/div>\n\t\t\t\t<\/div>\n\t\t\t\t\t<\/div>\n\t\t<\/div>\n\t\t\t\t<div class=\"elementor-column elementor-col-33 elementor-inner-column elementor-element elementor-element-5796a0ac\" data-id=\"5796a0ac\" data-element_type=\"column\">\n\t\t\t<div class=\"elementor-widget-wrap elementor-element-populated\">\n\t\t\t\t\t\t<div class=\"elementor-element elementor-element-62ab8f8 box-chamada elementor-position-top elementor-widget elementor-widget-image-box\" data-id=\"62ab8f8\" data-element_type=\"widget\" data-widget_type=\"image-box.default\">\n\t\t\t\t<div class=\"elementor-widget-container\">\n\t\t\t\t\t<div class=\"elementor-image-box-wrapper\"><figure class=\"elementor-image-box-img\"><a href=\"http:\/\/simone.art.br\/es\/musicas\" tabindex=\"-1\"><img decoding=\"async\" width=\"800\" height=\"620\" src=\"https:\/\/simone.art.br\/wp-content\/uploads\/2024\/07\/Design-sem-nome-1.png\" class=\"attachment-full size-full wp-image-11557\" alt=\"\" srcset=\"https:\/\/simone.art.br\/wp-content\/uploads\/2024\/07\/Design-sem-nome-1.png 800w, https:\/\/simone.art.br\/wp-content\/uploads\/2024\/07\/Design-sem-nome-1-300x233.png 300w, https:\/\/simone.art.br\/wp-content\/uploads\/2024\/07\/Design-sem-nome-1-768x595.png 768w, https:\/\/simone.art.br\/wp-content\/uploads\/2024\/07\/Design-sem-nome-1-440x341.png 440w\" sizes=\"(max-width: 800px) 100vw, 800px\" \/><\/a><\/figure><div class=\"elementor-image-box-content\"><h2 class=\"elementor-image-box-title\"><a href=\"http:\/\/simone.art.br\/es\/musicas\">Acervo Musical<\/a><\/h2><p class=\"elementor-image-box-description\">Pasea por la colecci\u00f3n y escucha las canciones de la artista con el acento y timbre m\u00e1s peculiar de la MPB.<br><br><a href=\"http:\/\/simone.art.br\/es\/musicas\" class=\"button uppercase\" style=\"letter-spacing: normal;\">LEE M\u00c1S<\/a><\/p><\/div><\/div>\t\t\t\t<\/div>\n\t\t\t\t<\/div>\n\t\t\t\t\t<\/div>\n\t\t<\/div>\n\t\t\t\t<div class=\"elementor-column elementor-col-33 elementor-inner-column elementor-element elementor-element-339aee1c\" data-id=\"339aee1c\" data-element_type=\"column\">\n\t\t\t<div class=\"elementor-widget-wrap elementor-element-populated\">\n\t\t\t\t\t\t<div class=\"elementor-element elementor-element-6680b2f1 box-chamada elementor-position-top elementor-widget elementor-widget-image-box\" data-id=\"6680b2f1\" data-element_type=\"widget\" data-widget_type=\"image-box.default\">\n\t\t\t\t<div class=\"elementor-widget-container\">\n\t\t\t\t\t<div class=\"elementor-image-box-wrapper\"><figure class=\"elementor-image-box-img\"><a href=\"http:\/\/simone.art.br\/es\/carrera-internacional\/\" tabindex=\"-1\"><img decoding=\"async\" width=\"800\" height=\"620\" src=\"https:\/\/simone.art.br\/wp-content\/uploads\/2019\/12\/chamada_carreira_internacional.jpg\" class=\"attachment-full size-full wp-image-4668\" alt=\"\" srcset=\"https:\/\/simone.art.br\/wp-content\/uploads\/2019\/12\/chamada_carreira_internacional.jpg 800w, https:\/\/simone.art.br\/wp-content\/uploads\/2019\/12\/chamada_carreira_internacional-300x233.jpg 300w, https:\/\/simone.art.br\/wp-content\/uploads\/2019\/12\/chamada_carreira_internacional-768x595.jpg 768w, https:\/\/simone.art.br\/wp-content\/uploads\/2019\/12\/chamada_carreira_internacional-440x341.jpg 440w, https:\/\/simone.art.br\/wp-content\/uploads\/2019\/12\/chamada_carreira_internacional-600x465.jpg 600w\" sizes=\"(max-width: 800px) 100vw, 800px\" \/><\/a><\/figure><div class=\"elementor-image-box-content\"><h2 class=\"elementor-image-box-title\"><a href=\"http:\/\/simone.art.br\/es\/carrera-internacional\/\">Carrera Internacional<\/a><\/h2><p class=\"elementor-image-box-description\">Brasil qued\u00f3 peque\u00f1o para la voz de Simone, que gan\u00f3 seguidores en todo el mundo.<br><br><a href=\"http:\/\/simone.art.br\/es\/carrera-internacional\" class=\"button uppercase\" style=\"letter-spacing: normal;\">SABE M\u00c1S<\/a><\/p><\/div><\/div>\t\t\t\t<\/div>\n\t\t\t\t<\/div>\n\t\t\t\t\t<\/div>\n\t\t<\/div>\n\t\t\t\t\t<\/div>\n\t\t<\/section>\n\t\t\t\t\t<\/div>\n\t\t<\/div>\n\t\t\t\t\t<\/div>\n\t\t<\/section>\n\t\t\t\t<\/div>\n\t\t","protected":false},"excerpt":{"rendered":"<p>PREMIOS Mayor vendedora de discos de los a\u00f1os 80 A continuaci\u00f3n se muestra una lista de los principales premios que Simone gan\u00f3 a lo largo de su trayectoria. Peda\u00e7os, 1979, Disco de Oro Simone ao Vivo no Canec\u00e3o, 1979, Disco [&hellip;]<\/p>\n","protected":false},"author":1,"featured_media":0,"parent":4955,"menu_order":0,"comment_status":"closed","ping_status":"closed","template":"","meta":{"inline_featured_image":false,"footnotes":""},"class_list":["post-4928","page","type-page","status-publish","hentry"],"yoast_head":"<!-- This site is optimized with the Yoast SEO plugin v27.4 - https:\/\/yoast.com\/product\/yoast-seo-wordpress\/ -->\n<title>Premios - Simone | Site Oficial<\/title>\n<meta name=\"robots\" content=\"index, follow, max-snippet:-1, max-image-preview:large, max-video-preview:-1\" \/>\n<link rel=\"canonical\" href=\"https:\/\/simone.art.br\/es\/bio\/premios\/\" \/>\n<meta property=\"og:locale\" content=\"es_ES\" \/>\n<meta property=\"og:type\" content=\"article\" \/>\n<meta property=\"og:title\" content=\"Premios - Simone | Site Oficial\" \/>\n<meta property=\"og:description\" content=\"PREMIOS Mayor vendedora de discos de los a\u00f1os 80 A continuaci\u00f3n se muestra una lista de los principales premios que Simone gan\u00f3 a lo largo de su trayectoria. Peda\u00e7os, 1979, Disco de Oro Simone ao Vivo no Canec\u00e3o, 1979, Disco [&hellip;]\" \/>\n<meta property=\"og:url\" content=\"https:\/\/simone.art.br\/es\/bio\/premios\/\" \/>\n<meta property=\"og:site_name\" content=\"Simone | Site Oficial\" \/>\n<meta property=\"article:modified_time\" content=\"2024-07-17T15:12:51+00:00\" \/>\n<meta property=\"og:image\" content=\"http:\/\/simone.art.br\/wp-content\/uploads\/2020\/01\/simone-trilha-sonora.jpg\" \/>\n<meta name=\"twitter:card\" content=\"summary_large_image\" \/>\n<meta name=\"twitter:label1\" content=\"Tiempo de lectura\" \/>\n\t<meta name=\"twitter:data1\" content=\"2 minutos\" \/>\n<script type=\"application\/ld+json\" class=\"yoast-schema-graph\">{\"@context\":\"https:\\\/\\\/schema.org\",\"@graph\":[{\"@type\":\"WebPage\",\"@id\":\"https:\\\/\\\/simone.art.br\\\/es\\\/bio\\\/premios\\\/\",\"url\":\"https:\\\/\\\/simone.art.br\\\/es\\\/bio\\\/premios\\\/\",\"name\":\"Premios - Simone | Site Oficial\",\"isPartOf\":{\"@id\":\"https:\\\/\\\/simone.art.br\\\/es\\\/#website\"},\"primaryImageOfPage\":{\"@id\":\"https:\\\/\\\/simone.art.br\\\/es\\\/bio\\\/premios\\\/#primaryimage\"},\"image\":{\"@id\":\"https:\\\/\\\/simone.art.br\\\/es\\\/bio\\\/premios\\\/#primaryimage\"},\"thumbnailUrl\":\"http:\\\/\\\/simone.art.br\\\/wp-content\\\/uploads\\\/2020\\\/01\\\/simone-trilha-sonora.jpg\",\"datePublished\":\"2019-11-30T18:58:23+00:00\",\"dateModified\":\"2024-07-17T15:12:51+00:00\",\"breadcrumb\":{\"@id\":\"https:\\\/\\\/simone.art.br\\\/es\\\/bio\\\/premios\\\/#breadcrumb\"},\"inLanguage\":\"es\",\"potentialAction\":[{\"@type\":\"ReadAction\",\"target\":[\"https:\\\/\\\/simone.art.br\\\/es\\\/bio\\\/premios\\\/\"]}]},{\"@type\":\"ImageObject\",\"inLanguage\":\"es\",\"@id\":\"https:\\\/\\\/simone.art.br\\\/es\\\/bio\\\/premios\\\/#primaryimage\",\"url\":\"http:\\\/\\\/simone.art.br\\\/wp-content\\\/uploads\\\/2020\\\/01\\\/simone-trilha-sonora.jpg\",\"contentUrl\":\"http:\\\/\\\/simone.art.br\\\/wp-content\\\/uploads\\\/2020\\\/01\\\/simone-trilha-sonora.jpg\"},{\"@type\":\"BreadcrumbList\",\"@id\":\"https:\\\/\\\/simone.art.br\\\/es\\\/bio\\\/premios\\\/#breadcrumb\",\"itemListElement\":[{\"@type\":\"ListItem\",\"position\":1,\"name\":\"In\u00edcio\",\"item\":\"https:\\\/\\\/simone.art.br\\\/es\\\/\"},{\"@type\":\"ListItem\",\"position\":2,\"name\":\"Bio\",\"item\":\"https:\\\/\\\/simone.art.br\\\/es\\\/bio\\\/\"},{\"@type\":\"ListItem\",\"position\":3,\"name\":\"Premios\"}]},{\"@type\":\"WebSite\",\"@id\":\"https:\\\/\\\/simone.art.br\\\/es\\\/#website\",\"url\":\"https:\\\/\\\/simone.art.br\\\/es\\\/\",\"name\":\"Simone | Site Oficial\",\"description\":\"O voo da Cigarra, da inf\u00e2ncia musical aos palcos do mundo!\",\"potentialAction\":[{\"@type\":\"SearchAction\",\"target\":{\"@type\":\"EntryPoint\",\"urlTemplate\":\"https:\\\/\\\/simone.art.br\\\/es\\\/?s={search_term_string}\"},\"query-input\":{\"@type\":\"PropertyValueSpecification\",\"valueRequired\":true,\"valueName\":\"search_term_string\"}}],\"inLanguage\":\"es\"}]}<\/script>\n<!-- \/ Yoast SEO plugin. -->","yoast_head_json":{"title":"Premios - Simone | Site Oficial","robots":{"index":"index","follow":"follow","max-snippet":"max-snippet:-1","max-image-preview":"max-image-preview:large","max-video-preview":"max-video-preview:-1"},"canonical":"https:\/\/simone.art.br\/es\/bio\/premios\/","og_locale":"es_ES","og_type":"article","og_title":"Premios - Simone | Site Oficial","og_description":"PREMIOS Mayor vendedora de discos de los a\u00f1os 80 A continuaci\u00f3n se muestra una lista de los principales premios que Simone gan\u00f3 a lo largo de su trayectoria. Peda\u00e7os, 1979, Disco de Oro Simone ao Vivo no Canec\u00e3o, 1979, Disco [&hellip;]","og_url":"https:\/\/simone.art.br\/es\/bio\/premios\/","og_site_name":"Simone | Site Oficial","article_modified_time":"2024-07-17T15:12:51+00:00","og_image":[{"url":"http:\/\/simone.art.br\/wp-content\/uploads\/2020\/01\/simone-trilha-sonora.jpg","type":"","width":"","height":""}],"twitter_card":"summary_large_image","twitter_misc":{"Tiempo de lectura":"2 minutos"},"schema":{"@context":"https:\/\/schema.org","@graph":[{"@type":"WebPage","@id":"https:\/\/simone.art.br\/es\/bio\/premios\/","url":"https:\/\/simone.art.br\/es\/bio\/premios\/","name":"Premios - Simone | Site Oficial","isPartOf":{"@id":"https:\/\/simone.art.br\/es\/#website"},"primaryImageOfPage":{"@id":"https:\/\/simone.art.br\/es\/bio\/premios\/#primaryimage"},"image":{"@id":"https:\/\/simone.art.br\/es\/bio\/premios\/#primaryimage"},"thumbnailUrl":"http:\/\/simone.art.br\/wp-content\/uploads\/2020\/01\/simone-trilha-sonora.jpg","datePublished":"2019-11-30T18:58:23+00:00","dateModified":"2024-07-17T15:12:51+00:00","breadcrumb":{"@id":"https:\/\/simone.art.br\/es\/bio\/premios\/#breadcrumb"},"inLanguage":"es","potentialAction":[{"@type":"ReadAction","target":["https:\/\/simone.art.br\/es\/bio\/premios\/"]}]},{"@type":"ImageObject","inLanguage":"es","@id":"https:\/\/simone.art.br\/es\/bio\/premios\/#primaryimage","url":"http:\/\/simone.art.br\/wp-content\/uploads\/2020\/01\/simone-trilha-sonora.jpg","contentUrl":"http:\/\/simone.art.br\/wp-content\/uploads\/2020\/01\/simone-trilha-sonora.jpg"},{"@type":"BreadcrumbList","@id":"https:\/\/simone.art.br\/es\/bio\/premios\/#breadcrumb","itemListElement":[{"@type":"ListItem","position":1,"name":"In\u00edcio","item":"https:\/\/simone.art.br\/es\/"},{"@type":"ListItem","position":2,"name":"Bio","item":"https:\/\/simone.art.br\/es\/bio\/"},{"@type":"ListItem","position":3,"name":"Premios"}]},{"@type":"WebSite","@id":"https:\/\/simone.art.br\/es\/#website","url":"https:\/\/simone.art.br\/es\/","name":"Simone | Site Oficial","description":"O voo da Cigarra, da inf\u00e2ncia musical aos palcos do mundo!","potentialAction":[{"@type":"SearchAction","target":{"@type":"EntryPoint","urlTemplate":"https:\/\/simone.art.br\/es\/?s={search_term_string}"},"query-input":{"@type":"PropertyValueSpecification","valueRequired":true,"valueName":"search_term_string"}}],"inLanguage":"es"}]}},"_links":{"self":[{"href":"https:\/\/simone.art.br\/es\/wp-json\/wp\/v2\/pages\/4928","targetHints":{"allow":["GET"]}}],"collection":[{"href":"https:\/\/simone.art.br\/es\/wp-json\/wp\/v2\/pages"}],"about":[{"href":"https:\/\/simone.art.br\/es\/wp-json\/wp\/v2\/types\/page"}],"author":[{"embeddable":true,"href":"https:\/\/simone.art.br\/es\/wp-json\/wp\/v2\/users\/1"}],"replies":[{"embeddable":true,"href":"https:\/\/simone.art.br\/es\/wp-json\/wp\/v2\/comments?post=4928"}],"version-history":[{"count":18,"href":"https:\/\/simone.art.br\/es\/wp-json\/wp\/v2\/pages\/4928\/revisions"}],"predecessor-version":[{"id":11631,"href":"https:\/\/simone.art.br\/es\/wp-json\/wp\/v2\/pages\/4928\/revisions\/11631"}],"up":[{"embeddable":true,"href":"https:\/\/simone.art.br\/es\/wp-json\/wp\/v2\/pages\/4955"}],"wp:attachment":[{"href":"https:\/\/simone.art.br\/es\/wp-json\/wp\/v2\/media?parent=4928"}],"curies":[{"name":"wp","href":"https:\/\/api.w.org\/{rel}","templated":true}]}}