{"id":5189,"date":"2020-07-11T16:45:34","date_gmt":"2020-07-11T19:45:34","guid":{"rendered":"http:\/\/simone.art.br\/imprensa\/"},"modified":"2021-11-14T17:27:49","modified_gmt":"2021-11-14T20:27:49","slug":"prensa","status":"publish","type":"page","link":"https:\/\/simone.art.br\/es\/prensa\/","title":{"rendered":"Prensa"},"content":{"rendered":"\t\t<div data-elementor-type=\"wp-post\" data-elementor-id=\"5189\" class=\"elementor elementor-5189 elementor-3681\" data-elementor-post-type=\"page\">\n\t\t\t\t\t\t<section class=\"elementor-section elementor-top-section elementor-element elementor-element-1b9fd61 headline transparent elementor-section-stretched elementor-section-full_width elementor-section-height-default elementor-section-height-default\" data-id=\"1b9fd61\" data-element_type=\"section\" data-settings=\"{&quot;stretch_section&quot;:&quot;section-stretched&quot;,&quot;background_background&quot;:&quot;classic&quot;}\">\n\t\t\t\t\t\t\t<div class=\"elementor-background-overlay\"><\/div>\n\t\t\t\t\t\t\t<div class=\"elementor-container elementor-column-gap-default\">\n\t\t\t\t\t<div class=\"elementor-column elementor-col-100 elementor-top-column elementor-element elementor-element-a8751d0\" data-id=\"a8751d0\" data-element_type=\"column\">\n\t\t\t<div class=\"elementor-widget-wrap elementor-element-populated\">\n\t\t\t\t\t\t<div class=\"elementor-element elementor-element-27373b2 elementor-invisible elementor-widget elementor-widget-heading\" data-id=\"27373b2\" data-element_type=\"widget\" data-settings=\"{&quot;_animation&quot;:&quot;fadeInUp&quot;}\" data-widget_type=\"heading.default\">\n\t\t\t\t<div class=\"elementor-widget-container\">\n\t\t\t\t\t<span class=\"elementor-heading-title elementor-size-default\">&nbsp;<\/span>\t\t\t\t<\/div>\n\t\t\t\t<\/div>\n\t\t\t\t<div class=\"elementor-element elementor-element-d7c8d0b animated-fast elementor-invisible elementor-widget elementor-widget-heading\" data-id=\"d7c8d0b\" data-element_type=\"widget\" data-settings=\"{&quot;_animation&quot;:&quot;fadeInUp&quot;,&quot;_animation_delay&quot;:200}\" data-widget_type=\"heading.default\">\n\t\t\t\t<div class=\"elementor-widget-container\">\n\t\t\t\t\t<h1 class=\"elementor-heading-title elementor-size-default\">PRENSA<\/h1>\t\t\t\t<\/div>\n\t\t\t\t<\/div>\n\t\t\t\t\t<\/div>\n\t\t<\/div>\n\t\t\t\t\t<\/div>\n\t\t<\/section>\n\t\t\t\t<section class=\"elementor-section elementor-top-section elementor-element elementor-element-44d1ad05 elementor-section-boxed elementor-section-height-default elementor-section-height-default\" data-id=\"44d1ad05\" data-element_type=\"section\">\n\t\t\t\t\t\t<div class=\"elementor-container elementor-column-gap-default\">\n\t\t\t\t\t<div class=\"elementor-column elementor-col-100 elementor-top-column elementor-element elementor-element-5db80d55\" data-id=\"5db80d55\" data-element_type=\"column\">\n\t\t\t<div class=\"elementor-widget-wrap elementor-element-populated\">\n\t\t\t\t\t\t<div class=\"elementor-element elementor-element-5140eb81 animated-fast elementor-invisible elementor-widget elementor-widget-heading\" data-id=\"5140eb81\" data-element_type=\"widget\" data-settings=\"{&quot;_animation&quot;:&quot;fadeInUp&quot;}\" data-widget_type=\"heading.default\">\n\t\t\t\t<div class=\"elementor-widget-container\">\n\t\t\t\t\t<span class=\"elementor-heading-title elementor-size-default\">Para contactos de prensa, por favor <br \/>env\u00eda un correo electr\u00f3nico a <a href=\"mailto:imprensa@simone.art.br\" target=\"_blank\"><b>imprensa@simone.art.br<\/a><\/a><\/span>\t\t\t\t<\/div>\n\t\t\t\t<\/div>\n\t\t\t\t\t<\/div>\n\t\t<\/div>\n\t\t\t\t\t<\/div>\n\t\t<\/section>\n\t\t\t\t<section class=\"elementor-section elementor-top-section elementor-element elementor-element-bac0144 elementor-section-full_width animated-fast elementor-section-height-default elementor-section-height-default elementor-invisible\" data-id=\"bac0144\" data-element_type=\"section\" data-settings=\"{&quot;animation&quot;:&quot;fadeIn&quot;,&quot;animation_delay&quot;:250}\">\n\t\t\t\t\t\t<div class=\"elementor-container elementor-column-gap-default\">\n\t\t\t\t\t<div class=\"elementor-column elementor-col-100 elementor-top-column elementor-element elementor-element-229659e\" data-id=\"229659e\" data-element_type=\"column\">\n\t\t\t<div class=\"elementor-widget-wrap elementor-element-populated\">\n\t\t\t\t\t\t<div class=\"elementor-element elementor-element-7e5663d elementor-widget elementor-widget-photographer-blog-posts\" data-id=\"7e5663d\" data-element_type=\"widget\" data-widget_type=\"photographer-blog-posts.default\">\n\t\t\t\t<div class=\"elementor-widget-container\">\n\t\t\t\t\t<div class=\"blog_post_content_wrapper layout_grid\">\n<!-- Begin each blog post -->\n<div class=\"blog-posts-grid post-6418 post type-post status-publish format-standard has-post-thumbnail hentry category-clipping-es tag-simone-es tag-musica-es\">\n\n\t<div class=\"post_wrapper\">\n\t\t\n\t\t\t\t    <div class=\"post_img static\">\n\t\t\t    \t\t\t    <div class=\"post_img_hover \">\n\t\t\t     \t\t\t\t\t     <img decoding=\"async\"  src=\"https:\/\/simone.art.br\/wp-content\/uploads\/2022\/11\/simone_destaque1_com-1-960x604.png\" class=\"\" alt=\"\"\/>\n\t\t\t\t     \t\t\t     \t\t\t\t     \t<a href=\"https:\/\/simone.art.br\/es\/2022\/11\/03\/simone-avalia-trajetoria-de-meio-seculo-na-musica-vejo-que-acertei-bem-mais-do-que-errei-2\/\"><\/a>\n\t\t\t    <\/div>\n\t\t    <\/div>\n\t\t\t    \n\t    <div class=\"post_content_wrapper text_\">\n\t\t    \n\t\t    <div class=\"post_header\">\n\t\t\t    \t\t\t\t<div class=\"post_header_title\">\n\t\t\t\t    <h5><a href=\"https:\/\/simone.art.br\/es\/2022\/11\/03\/simone-avalia-trajetoria-de-meio-seculo-na-musica-vejo-que-acertei-bem-mais-do-que-errei-2\/\" title=\"Simone avalia trajet\u00f3ria de meio s\u00e9culo na m\u00fasica: \u00abVejo que acertei bem mais do que errei\u00bb\">Simone avalia trajet\u00f3ria de meio s\u00e9culo na m\u00fasica: \u00abVejo que acertei bem mais do que errei\u00bb<\/a><\/h5>\n\t\t\t\t<\/div>\n\t\t\t<\/div>\n\t    \n\t\t\t<div class=\"post_header_wrapper\">\n\t\t\t\t\t\t\t    \t\t\t    <div class=\"post_button_wrapper\">\n\t\t\t    \t<div class=\"post_attribute\">\n\t\t\t\t\t    <a href=\"https:\/\/simone.art.br\/es\/2022\/11\/03\/simone-avalia-trajetoria-de-meio-seculo-na-musica-vejo-que-acertei-bem-mais-do-que-errei-2\/\" title=\"Simone avalia trajet\u00f3ria de meio s\u00e9culo na m\u00fasica: \u00abVejo que acertei bem mais do que errei\u00bb\">3 de noviembre de 2022<\/a>\n\t\t\t\t\t<\/div>\n\t\t\t    <\/div>\n\t\t\t    \t\t\t<\/div>\n\t    <\/div>\n\t    \n\t<\/div>\n\n<\/div>\n\n<!-- End each blog post --><!-- Begin each blog post -->\n<div class=\"blog-posts-grid post-5902 post type-post status-publish format-standard has-post-thumbnail hentry category-clipping-es tag-simone-es tag-musica-es tag-trajetoria-es\">\n\n\t<div class=\"post_wrapper\">\n\t\t\n\t\t\t\t    <div class=\"post_img static\">\n\t\t\t    \t\t\t    <div class=\"post_img_hover \">\n\t\t\t     \t\t\t\t\t     <img decoding=\"async\"  src=\"https:\/\/simone.art.br\/wp-content\/uploads\/2022\/06\/simone_avalia_trajetoria_quem-960x604.png\" class=\"\" alt=\"\"\/>\n\t\t\t\t     \t\t\t     \t\t\t\t     \t<a href=\"https:\/\/simone.art.br\/es\/2022\/05\/23\/simone-avalia-trajetoria-de-meio-seculo-na-musica-vejo-que-acertei-bem-mais-do-que-errei\/\"><\/a>\n\t\t\t    <\/div>\n\t\t    <\/div>\n\t\t\t    \n\t    <div class=\"post_content_wrapper text_\">\n\t\t    \n\t\t    <div class=\"post_header\">\n\t\t\t    \t\t\t\t<div class=\"post_header_title\">\n\t\t\t\t    <h5><a href=\"https:\/\/simone.art.br\/es\/2022\/05\/23\/simone-avalia-trajetoria-de-meio-seculo-na-musica-vejo-que-acertei-bem-mais-do-que-errei\/\" title=\"Simone avalia trajet\u00f3ria de meio s\u00e9culo na m\u00fasica: \u00abVejo que acertei bem mais do que errei\u00bb\">Simone avalia trajet\u00f3ria de meio s\u00e9culo na m\u00fasica: \u00abVejo que acertei bem mais do que errei\u00bb<\/a><\/h5>\n\t\t\t\t<\/div>\n\t\t\t<\/div>\n\t    \n\t\t\t<div class=\"post_header_wrapper\">\n\t\t\t\t\t\t\t    \t\t\t    <div class=\"post_button_wrapper\">\n\t\t\t    \t<div class=\"post_attribute\">\n\t\t\t\t\t    <a href=\"https:\/\/simone.art.br\/es\/2022\/05\/23\/simone-avalia-trajetoria-de-meio-seculo-na-musica-vejo-que-acertei-bem-mais-do-que-errei\/\" title=\"Simone avalia trajet\u00f3ria de meio s\u00e9culo na m\u00fasica: \u00abVejo que acertei bem mais do que errei\u00bb\">23 de mayo de 2022<\/a>\n\t\t\t\t\t<\/div>\n\t\t\t    <\/div>\n\t\t\t    \t\t\t<\/div>\n\t    <\/div>\n\t    \n\t<\/div>\n\n<\/div>\n\n<!-- End each blog post --><\/div>\n<br class=\"clear\"\/>\t\t\t\t<\/div>\n\t\t\t\t<\/div>\n\t\t\t\t\t<\/div>\n\t\t<\/div>\n\t\t\t\t\t<\/div>\n\t\t<\/section>\n\t\t\t\t<\/div>\n\t\t","protected":false},"excerpt":{"rendered":"<p>&nbsp; PRENSA Para contactos de prensa, por favor env\u00eda un correo electr\u00f3nico a imprensa@simone.art.br<\/p>\n","protected":false},"author":1,"featured_media":0,"parent":0,"menu_order":0,"comment_status":"closed","ping_status":"closed","template":"","meta":{"inline_featured_image":false,"footnotes":""},"class_list":["post-5189","page","type-page","status-publish","hentry"],"yoast_head":"<!-- This site is optimized with the Yoast SEO plugin v27.4 - https:\/\/yoast.com\/product\/yoast-seo-wordpress\/ -->\n<title>Prensa - Simone | Site Oficial<\/title>\n<meta name=\"robots\" content=\"index, follow, max-snippet:-1, max-image-preview:large, max-video-preview:-1\" \/>\n<link rel=\"canonical\" href=\"https:\/\/simone.art.br\/es\/prensa\/\" \/>\n<meta property=\"og:locale\" content=\"es_ES\" \/>\n<meta property=\"og:type\" content=\"article\" \/>\n<meta property=\"og:title\" content=\"Prensa - Simone | Site Oficial\" \/>\n<meta property=\"og:description\" content=\"&nbsp; PRENSA Para contactos de prensa, por favor env\u00eda un correo electr\u00f3nico a imprensa@simone.art.br\" \/>\n<meta property=\"og:url\" content=\"https:\/\/simone.art.br\/es\/prensa\/\" \/>\n<meta property=\"og:site_name\" content=\"Simone | Site Oficial\" \/>\n<meta property=\"article:modified_time\" content=\"2021-11-14T20:27:49+00:00\" \/>\n<meta name=\"twitter:card\" content=\"summary_large_image\" \/>\n<meta name=\"twitter:label1\" content=\"Tiempo de lectura\" \/>\n\t<meta name=\"twitter:data1\" content=\"1 minuto\" \/>\n<script type=\"application\/ld+json\" class=\"yoast-schema-graph\">{\"@context\":\"https:\\\/\\\/schema.org\",\"@graph\":[{\"@type\":\"WebPage\",\"@id\":\"https:\\\/\\\/simone.art.br\\\/es\\\/prensa\\\/\",\"url\":\"https:\\\/\\\/simone.art.br\\\/es\\\/prensa\\\/\",\"name\":\"Prensa - Simone | Site Oficial\",\"isPartOf\":{\"@id\":\"https:\\\/\\\/simone.art.br\\\/es\\\/#website\"},\"datePublished\":\"2020-07-11T19:45:34+00:00\",\"dateModified\":\"2021-11-14T20:27:49+00:00\",\"breadcrumb\":{\"@id\":\"https:\\\/\\\/simone.art.br\\\/es\\\/prensa\\\/#breadcrumb\"},\"inLanguage\":\"es\",\"potentialAction\":[{\"@type\":\"ReadAction\",\"target\":[\"https:\\\/\\\/simone.art.br\\\/es\\\/prensa\\\/\"]}]},{\"@type\":\"BreadcrumbList\",\"@id\":\"https:\\\/\\\/simone.art.br\\\/es\\\/prensa\\\/#breadcrumb\",\"itemListElement\":[{\"@type\":\"ListItem\",\"position\":1,\"name\":\"In\u00edcio\",\"item\":\"https:\\\/\\\/simone.art.br\\\/es\\\/\"},{\"@type\":\"ListItem\",\"position\":2,\"name\":\"Prensa\"}]},{\"@type\":\"WebSite\",\"@id\":\"https:\\\/\\\/simone.art.br\\\/es\\\/#website\",\"url\":\"https:\\\/\\\/simone.art.br\\\/es\\\/\",\"name\":\"Simone | Site Oficial\",\"description\":\"O voo da Cigarra, da inf\u00e2ncia musical aos palcos do mundo!\",\"potentialAction\":[{\"@type\":\"SearchAction\",\"target\":{\"@type\":\"EntryPoint\",\"urlTemplate\":\"https:\\\/\\\/simone.art.br\\\/es\\\/?s={search_term_string}\"},\"query-input\":{\"@type\":\"PropertyValueSpecification\",\"valueRequired\":true,\"valueName\":\"search_term_string\"}}],\"inLanguage\":\"es\"}]}<\/script>\n<!-- \/ Yoast SEO plugin. -->","yoast_head_json":{"title":"Prensa - Simone | Site Oficial","robots":{"index":"index","follow":"follow","max-snippet":"max-snippet:-1","max-image-preview":"max-image-preview:large","max-video-preview":"max-video-preview:-1"},"canonical":"https:\/\/simone.art.br\/es\/prensa\/","og_locale":"es_ES","og_type":"article","og_title":"Prensa - Simone | Site Oficial","og_description":"&nbsp; PRENSA Para contactos de prensa, por favor env\u00eda un correo electr\u00f3nico a imprensa@simone.art.br","og_url":"https:\/\/simone.art.br\/es\/prensa\/","og_site_name":"Simone | Site Oficial","article_modified_time":"2021-11-14T20:27:49+00:00","twitter_card":"summary_large_image","twitter_misc":{"Tiempo de lectura":"1 minuto"},"schema":{"@context":"https:\/\/schema.org","@graph":[{"@type":"WebPage","@id":"https:\/\/simone.art.br\/es\/prensa\/","url":"https:\/\/simone.art.br\/es\/prensa\/","name":"Prensa - Simone | Site Oficial","isPartOf":{"@id":"https:\/\/simone.art.br\/es\/#website"},"datePublished":"2020-07-11T19:45:34+00:00","dateModified":"2021-11-14T20:27:49+00:00","breadcrumb":{"@id":"https:\/\/simone.art.br\/es\/prensa\/#breadcrumb"},"inLanguage":"es","potentialAction":[{"@type":"ReadAction","target":["https:\/\/simone.art.br\/es\/prensa\/"]}]},{"@type":"BreadcrumbList","@id":"https:\/\/simone.art.br\/es\/prensa\/#breadcrumb","itemListElement":[{"@type":"ListItem","position":1,"name":"In\u00edcio","item":"https:\/\/simone.art.br\/es\/"},{"@type":"ListItem","position":2,"name":"Prensa"}]},{"@type":"WebSite","@id":"https:\/\/simone.art.br\/es\/#website","url":"https:\/\/simone.art.br\/es\/","name":"Simone | Site Oficial","description":"O voo da Cigarra, da inf\u00e2ncia musical aos palcos do mundo!","potentialAction":[{"@type":"SearchAction","target":{"@type":"EntryPoint","urlTemplate":"https:\/\/simone.art.br\/es\/?s={search_term_string}"},"query-input":{"@type":"PropertyValueSpecification","valueRequired":true,"valueName":"search_term_string"}}],"inLanguage":"es"}]}},"_links":{"self":[{"href":"https:\/\/simone.art.br\/es\/wp-json\/wp\/v2\/pages\/5189","targetHints":{"allow":["GET"]}}],"collection":[{"href":"https:\/\/simone.art.br\/es\/wp-json\/wp\/v2\/pages"}],"about":[{"href":"https:\/\/simone.art.br\/es\/wp-json\/wp\/v2\/types\/page"}],"author":[{"embeddable":true,"href":"https:\/\/simone.art.br\/es\/wp-json\/wp\/v2\/users\/1"}],"replies":[{"embeddable":true,"href":"https:\/\/simone.art.br\/es\/wp-json\/wp\/v2\/comments?post=5189"}],"version-history":[{"count":4,"href":"https:\/\/simone.art.br\/es\/wp-json\/wp\/v2\/pages\/5189\/revisions"}],"predecessor-version":[{"id":5194,"href":"https:\/\/simone.art.br\/es\/wp-json\/wp\/v2\/pages\/5189\/revisions\/5194"}],"wp:attachment":[{"href":"https:\/\/simone.art.br\/es\/wp-json\/wp\/v2\/media?parent=5189"}],"curies":[{"name":"wp","href":"https:\/\/api.w.org\/{rel}","templated":true}]}}